{"id":6441,"date":"2018-03-07T09:09:07","date_gmt":"2018-03-07T12:09:07","guid":{"rendered":"https:\/\/www.soledadeinternationalgemshow.com\/?page_id=6441"},"modified":"2018-03-26T20:03:36","modified_gmt":"2018-03-26T23:03:36","slug":"tecnology","status":"publish","type":"page","link":"https:\/\/www.soledadeinternationalgemshow.com\/pt_br\/products\/tecnology\/","title":{"rendered":"Tecnologia"},"content":{"rendered":"<p><section   class=\"fw-main-row-custom fw-main-row-top fw-section-no-padding  fw_theme_bg_color_1 fw-section-image fw-section-height-custom  fw-section-position-back tf-sh-1d1f1c9eba3b8b60be4f0065f8e0ee3b\"  style=\" background-image:url(https:\/\/www.soledadeinternationalgemshow.com\/wp-content\/uploads\/2018\/03\/04-FEAR-pesquisa-mineracao-4_96564.jpg); background-repeat: no-repeat; background-position: center center; background-size: cover; height: 400px;\"  >\n\t\t<div class=\"fw-main-row-overlay fw_theme_bg_color_1\" style=\"opacity: 0.5;\"><\/div>\t<div class=\"fw-container\" >\n\t\t<div class=\"fw-row\">\n\t<div id=\"column-69f766bed6daf\" class=\"fw-col-sm-12 tf-sh-82e99230b4be5c4c05aed2cf027f07b5  fw-col-no-padding\" >\n\t<div class=\"fw-wrap-col-inner clearfix\"   >\n\t\t\t\t<div class=\"fw-col-inner\">\n\t\t\t<div class=\"fw-divider-space  fw-custom-space  clearfix\" style=\"height:150px;\" ><\/div><div class=\"fw-heading fw-heading-left  fw-heading-with-subtitle tf-sh-0db5eb276ac62502cf97923383ff310e\" >\n\t\t\t<h2 class=\"fw-special-title\">TECNOLOGIA<\/h2>\n\t\n\t\n\t\t\t<div class=\"fw-special-subtitle\">produtos<\/div>\n\t<\/div><div class=\"fw-divider-space  fw-custom-space  clearfix\" style=\"height:100px;\" ><\/div>\t\t<\/div>\n\t<\/div>\n<\/div><\/div>\n\n\t<\/div>\n\t<\/section><section   class=\"fw-main-row-custom fw-section-no-padding  auto  fw-section-position-back tf-sh-2b038b8d554a64529f4ac801bdb7d269 section-gallery-top set-1\"    >\n\t\t\t<div class=\"fw-container\" >\n\t\t<div class=\"fw-row\">\n\t<div id=\"column-69f766bed76dd\" class=\"fw-col-sm-6 tf-sh-34235ea5b2a6ffbca34649a27f007c72 column-1 fw-col-no-padding\" >\n\t<div class=\"fw-wrap-col-inner clearfix   fw-column-height-custom\" style=\"height: 300px;\"  >\n\t\t\t\t<div class=\"fw-col-inner\">\n\t\t\t<div class=\"fw-heading fw-heading-left  fw-heading-with-subtitle fw-animated-element tf-sh-849ae527bba5c9946eddeec09fee16c5\"  data-animation-type=\"fadeInUp\" data-animation-delay=\"200\">\n\t\t\t<h2 class=\"fw-special-title\">TECNOLOGIA<\/h2>\n\t\n\t\n\t\t\t<div class=\"fw-special-subtitle\">Centro Tecnol\u00f3gico de Pedras, Gemas e Joias do Rio Grande do Sul (CT-Pedras).<\/div>\n\t<\/div>\t<div  class=\"fw-divider tf-sh-10a594df5d66982bcf65945f1f74429f  fw-animated-element fw-divider-align-left fw-line-solid fw-divider-line\"  data-animation-type=\"fadeInUp\" data-animation-delay=\"200\" style=\"width:86px; padding-top:40px; margin-bottom:1px; border-color:#d3d3d3;\" ><\/div>\n\t\t<\/div>\n\t<\/div>\n<\/div><div id=\"column-69f766bed7b92\" class=\"fw-col-sm-6 fw-col-md-3 fw-mobile-hide-element tf-sh-6e432cd79717fc0d276f723af1264437  fw-col-no-padding\" >\n\t<div class=\"fw-wrap-col-inner clearfix   fw-column-height-custom\" style=\"height: 300px;\"  >\n\t\t\t\t<div class=\"fw-col-inner\">\n\t\t\t\n\t\n\t\t<div class=\"fw-block-image-parent\"  style=\"width: 100%; \">\n\t\t\t<span class=\"fw-block-image-child fw-ratio-3-4 fw-ratio-container\">\n\t\t\t\t<noscript itemscope itemtype=\"https:\/\/schema.org\/ImageObject\" itemprop=\"image\"><img decoding=\"async\" src=\"https:\/\/www.soledadeinternationalgemshow.com\/wp-content\/uploads\/2018\/03\/1461779800.jpg\"  alt=\"1461779800\" data-maxdpr=\"1.7\" class=\"lazyload\" \/><meta itemprop=\"url\" content=\"https:\/\/www.soledadeinternationalgemshow.com\/wp-content\/uploads\/2018\/03\/1461779800.jpg\"><meta itemprop=\"width\" content=\"950\"><meta itemprop=\"height\" content=\"629\"><\/noscript><img decoding=\"async\" src=\"data:image\/gif;base64,R0lGODlhAQABAIAAAAAAAP\/\/\/yH5BAEAAAAALAAAAAABAAEAAAIBRAA7\" data-sizes=\"auto\" data-srcset=\"https:\/\/www.soledadeinternationalgemshow.com\/wp-content\/uploads\/2018\/03\/1461779800-295x393.jpg 295w\"   alt=\"1461779800\" data-maxdpr=\"1.7\" class=\"lazyload\" \/>\t\t\t\t\t\t\t<\/span>\n\t\t<\/div>\n\n\t\n\t\t<\/div>\n\t<\/div>\n<\/div><div id=\"column-69f766bed843e\" class=\"fw-col-sm-6 fw-col-md-3 fw-mobile-hide-element tf-sh-a4e40f97584cd02199a345a85c05a112  fw-col-no-padding\" >\n\t<div class=\"fw-wrap-col-inner clearfix   fw-column-height-custom\" style=\"height: 300px;\"  >\n\t\t\t\t<div class=\"fw-col-inner\">\n\t\t\t\n\t\n\t\t<div class=\"fw-block-image-parent\"  style=\"width: 100%; \">\n\t\t\t<span class=\"fw-block-image-child fw-ratio-3-4 fw-ratio-container\">\n\t\t\t\t<noscript itemscope itemtype=\"https:\/\/schema.org\/ImageObject\" itemprop=\"image\"><img decoding=\"async\" src=\"https:\/\/www.soledadeinternationalgemshow.com\/wp-content\/uploads\/2018\/03\/128541770701.jpg\"  alt=\"128541770701\" data-maxdpr=\"1.7\" class=\"lazyload\" \/><meta itemprop=\"url\" content=\"https:\/\/www.soledadeinternationalgemshow.com\/wp-content\/uploads\/2018\/03\/128541770701.jpg\"><meta itemprop=\"width\" content=\"800\"><meta itemprop=\"height\" content=\"536\"><\/noscript><img decoding=\"async\" src=\"data:image\/gif;base64,R0lGODlhAQABAIAAAAAAAP\/\/\/yH5BAEAAAAALAAAAAABAAEAAAIBRAA7\" data-sizes=\"auto\" data-srcset=\"https:\/\/www.soledadeinternationalgemshow.com\/wp-content\/uploads\/2018\/03\/128541770701-295x393.jpg 295w\"   alt=\"128541770701\" data-maxdpr=\"1.7\" class=\"lazyload\" \/>\t\t\t\t\t\t\t<\/span>\n\t\t<\/div>\n\n\t\n\t\t<\/div>\n\t<\/div>\n<\/div><\/div>\n\n<div class=\"fw-row\">\n\t<div id=\"column-69f766bed8bfe\" class=\"fw-col-sm-6 tf-sh-ca55288defb74c9f68f6f4436474604c column-4 fw-col-no-padding\" >\n\t<div class=\"fw-wrap-col-inner clearfix\"   >\n\t\t\t\t<div class=\"fw-col-inner\">\n\t\t\t<div class=\"fw-text-box tf-sh-368bf4246d55f20c170d208b05539a57  fw-animated-element\"  data-animation-type=\"fadeInUp\" data-animation-delay=\"200\">\n\t<div class=\"fw-text-inner\">\n\t\t<p>O conceito inicial do Centro Tecnol\u00f3gico de Pedras, Pedras Preciosas e Joias do Rio Grande do Sul (CT-Pedras) come\u00e7ou em maio de 2005 com a assinatura do conv\u00eanio entre a Uni\u00e3o (atrav\u00e9s do Minist\u00e9rio da Ci\u00eancia e Tecnologia), a Prefeitura Municipal de Soledade e a Universidade de Passo Fundo (UPF).<\/p>\n<p>A implanta\u00e7\u00e3o da sede em Soledade - RS ocorreu em 2006. Atualmente, a CT-Pedras visa \u00e0 qualifica\u00e7\u00e3o profissional, \u00e0 pesquisa cient\u00edfica e tecnol\u00f3gica e \u00e0 transfer\u00eancia de tecnologia para a presta\u00e7\u00e3o de servi\u00e7os.<\/p>\n<p><a href=\"http:\/\/ctpedras.upf.br\/\" target=\"_blank\" rel=\"noopener\"><strong>www.ctpedras.upf.br<\/strong><\/a><\/p>\n\t<\/div>\n<\/div><div class=\"fw-divider-space  fw-custom-space  clearfix\" style=\"height:56px;\" ><\/div>\t\t<\/div>\n\t<\/div>\n<\/div><div id=\"column-69f766bed8f63\" class=\"fw-col-sm-6 fw-mobile-hide-element tf-sh-e276b0581eb6474801dfa8e1a519edfb  fw-col-no-padding\" >\n\t<div class=\"fw-wrap-col-inner clearfix   fw-column-height-custom\" style=\"height: 505px;\"  >\n\t\t\t\t<div class=\"fw-col-inner\">\n\t\t\t\t\t<\/div>\n\t<\/div>\n<\/div><\/div>\n\n<div class=\"fw-row\">\n\t<div id=\"column-69f766bed9181\" class=\"fw-col-sm-12 tf-sh-1fb9424ecbfe92647dae2b70693143aa\" >\n\t<div class=\"fw-wrap-col-inner clearfix\"   >\n\t\t\t\t<div class=\"fw-col-inner\">\n\t\t\t<div class=\"fw-divider-space space-lg  clearfix\"  ><\/div>\t\t<\/div>\n\t<\/div>\n<\/div><\/div>\n\n\t<\/div>\n\t<\/section><\/p>","protected":false},"excerpt":{"rendered":"<p>TECNOLOGY products TECNOLOGY Technological Center of Stones, Gems and Jewelry of Rio Grande do Sul (CT-Pedras). The initial concept of the Technological Center of Stones, Gems and Jewelry of Rio Grande do Sul (CT-Pedras) began in May 2005 with the signing of the agreement between the Union (through the Ministry of Science and Technology), the [&hellip;]<\/p>\n","protected":false},"author":1,"featured_media":0,"parent":6279,"menu_order":0,"comment_status":"closed","ping_status":"closed","template":"visual-builder-template.php","meta":{"footnotes":""},"class_list":["post-6441","page","type-page","status-publish","hentry"],"yoast_head":"<!-- This site is optimized with the Yoast SEO plugin v27.2 - https:\/\/yoast.com\/product\/yoast-seo-wordpress\/ -->\n<title>Tecnology &#187; Soledade International Gem Show<\/title>\n<meta name=\"description\" content=\"Creating great Business for You. The brilliance and magnificence of minerals, decorative artifacts and jewelry, which derive from the quality and rarity of many of them, can be seen at the largest jewelry and gemstone fair of Latin America.\" \/>\n<meta name=\"robots\" content=\"index, follow, max-snippet:-1, max-image-preview:large, max-video-preview:-1\" \/>\n<link rel=\"canonical\" href=\"https:\/\/www.soledadeinternationalgemshow.com\/pt_br\/products\/tecnology\/\" \/>\n<meta property=\"og:locale\" content=\"pt_BR\" \/>\n<meta property=\"og:type\" content=\"article\" \/>\n<meta property=\"og:title\" content=\"Tecnology &#187; Soledade International Gem Show\" \/>\n<meta property=\"og:description\" content=\"Creating great Business for You. The brilliance and magnificence of minerals, decorative artifacts and jewelry, which derive from the quality and rarity of many of them, can be seen at the largest jewelry and gemstone fair of Latin America.\" \/>\n<meta property=\"og:url\" content=\"https:\/\/www.soledadeinternationalgemshow.com\/pt_br\/products\/tecnology\/\" \/>\n<meta property=\"og:site_name\" content=\"Soledade International Gem Show\" \/>\n<meta property=\"article:publisher\" content=\"https:\/\/www.facebook.com\/EXPOSOLOFICIAL\/\" \/>\n<meta property=\"article:modified_time\" content=\"2018-03-26T23:03:36+00:00\" \/>\n<meta property=\"og:image\" content=\"https:\/\/www.soledadeinternationalgemshow.com\/wp-content\/uploads\/2018\/03\/1461779800.jpg\" \/>\n<meta name=\"twitter:card\" content=\"summary_large_image\" \/>\n<meta name=\"twitter:site\" content=\"@ExposolOficial\" \/>\n<meta name=\"twitter:label1\" content=\"Est. tempo de leitura\" \/>\n\t<meta name=\"twitter:data1\" content=\"1 minuto\" \/>\n<script type=\"application\/ld+json\" class=\"yoast-schema-graph\">{\"@context\":\"https:\/\/schema.org\",\"@graph\":[{\"@type\":\"WebPage\",\"@id\":\"https:\/\/www.soledadeinternationalgemshow.com\/products\/tecnology\/\",\"url\":\"https:\/\/www.soledadeinternationalgemshow.com\/products\/tecnology\/\",\"name\":\"Tecnology &#187; Soledade International Gem Show\",\"isPartOf\":{\"@id\":\"https:\/\/www.soledadeinternationalgemshow.com\/pt_br\/#website\"},\"primaryImageOfPage\":{\"@id\":\"https:\/\/www.soledadeinternationalgemshow.com\/products\/tecnology\/#primaryimage\"},\"image\":{\"@id\":\"https:\/\/www.soledadeinternationalgemshow.com\/products\/tecnology\/#primaryimage\"},\"thumbnailUrl\":\"https:\/\/www.soledadeinternationalgemshow.com\/wp-content\/uploads\/2018\/03\/1461779800.jpg\",\"datePublished\":\"2018-03-07T12:09:07+00:00\",\"dateModified\":\"2018-03-26T23:03:36+00:00\",\"description\":\"Creating great Business for You. The brilliance and magnificence of minerals, decorative artifacts and jewelry, which derive from the quality and rarity of many of them, can be seen at the largest jewelry and gemstone fair of Latin America.\",\"breadcrumb\":{\"@id\":\"https:\/\/www.soledadeinternationalgemshow.com\/products\/tecnology\/#breadcrumb\"},\"inLanguage\":\"pt-BR\",\"potentialAction\":[{\"@type\":\"ReadAction\",\"target\":[\"https:\/\/www.soledadeinternationalgemshow.com\/products\/tecnology\/\"]}]},{\"@type\":\"ImageObject\",\"inLanguage\":\"pt-BR\",\"@id\":\"https:\/\/www.soledadeinternationalgemshow.com\/products\/tecnology\/#primaryimage\",\"url\":\"https:\/\/www.soledadeinternationalgemshow.com\/wp-content\/uploads\/2018\/03\/1461779800.jpg\",\"contentUrl\":\"https:\/\/www.soledadeinternationalgemshow.com\/wp-content\/uploads\/2018\/03\/1461779800.jpg\"},{\"@type\":\"BreadcrumbList\",\"@id\":\"https:\/\/www.soledadeinternationalgemshow.com\/products\/tecnology\/#breadcrumb\",\"itemListElement\":[{\"@type\":\"ListItem\",\"position\":1,\"name\":\"Home\",\"item\":\"https:\/\/www.soledadeinternationalgemshow.com\/\"},{\"@type\":\"ListItem\",\"position\":2,\"name\":\"Products\",\"item\":\"https:\/\/www.soledadeinternationalgemshow.com\/products\/\"},{\"@type\":\"ListItem\",\"position\":3,\"name\":\"Tecnology\"}]},{\"@type\":\"WebSite\",\"@id\":\"https:\/\/www.soledadeinternationalgemshow.com\/pt_br\/#website\",\"url\":\"https:\/\/www.soledadeinternationalgemshow.com\/pt_br\/\",\"name\":\"Soledade International Gem Show\",\"description\":\"Soledade\/RS\/Brazil\",\"publisher\":{\"@id\":\"https:\/\/www.soledadeinternationalgemshow.com\/pt_br\/#organization\"},\"potentialAction\":[{\"@type\":\"SearchAction\",\"target\":{\"@type\":\"EntryPoint\",\"urlTemplate\":\"https:\/\/www.soledadeinternationalgemshow.com\/pt_br\/?s={search_term_string}\"},\"query-input\":{\"@type\":\"PropertyValueSpecification\",\"valueRequired\":true,\"valueName\":\"search_term_string\"}}],\"inLanguage\":\"pt-BR\"},{\"@type\":\"Organization\",\"@id\":\"https:\/\/www.soledadeinternationalgemshow.com\/pt_br\/#organization\",\"name\":\"APROSOL\",\"url\":\"https:\/\/www.soledadeinternationalgemshow.com\/pt_br\/\",\"logo\":{\"@type\":\"ImageObject\",\"inLanguage\":\"pt-BR\",\"@id\":\"https:\/\/www.soledadeinternationalgemshow.com\/pt_br\/#\/schema\/logo\/image\/\",\"url\":\"https:\/\/www.soledadeinternationalgemshow.com\/wp-content\/uploads\/2018\/03\/aprosol-logo.jpg\",\"contentUrl\":\"https:\/\/www.soledadeinternationalgemshow.com\/wp-content\/uploads\/2018\/03\/aprosol-logo.jpg\",\"width\":600,\"height\":332,\"caption\":\"APROSOL\"},\"image\":{\"@id\":\"https:\/\/www.soledadeinternationalgemshow.com\/pt_br\/#\/schema\/logo\/image\/\"},\"sameAs\":[\"https:\/\/www.facebook.com\/EXPOSOLOFICIAL\/\",\"https:\/\/x.com\/ExposolOficial\",\"https:\/\/www.instagram.com\/exposoloficial\/\",\"https:\/\/www.youtube.com\/channel\/UCX_diYaAEiPprsKNUxifVbw\"]}]}<\/script>\n<!-- \/ Yoast SEO plugin. -->","yoast_head_json":{"title":"Tecnology &#187; Soledade International Gem Show","description":"Creating great Business for You. The brilliance and magnificence of minerals, decorative artifacts and jewelry, which derive from the quality and rarity of many of them, can be seen at the largest jewelry and gemstone fair of Latin America.","robots":{"index":"index","follow":"follow","max-snippet":"max-snippet:-1","max-image-preview":"max-image-preview:large","max-video-preview":"max-video-preview:-1"},"canonical":"https:\/\/www.soledadeinternationalgemshow.com\/pt_br\/products\/tecnology\/","og_locale":"pt_BR","og_type":"article","og_title":"Tecnology &#187; Soledade International Gem Show","og_description":"Creating great Business for You. The brilliance and magnificence of minerals, decorative artifacts and jewelry, which derive from the quality and rarity of many of them, can be seen at the largest jewelry and gemstone fair of Latin America.","og_url":"https:\/\/www.soledadeinternationalgemshow.com\/pt_br\/products\/tecnology\/","og_site_name":"Soledade International Gem Show","article_publisher":"https:\/\/www.facebook.com\/EXPOSOLOFICIAL\/","article_modified_time":"2018-03-26T23:03:36+00:00","og_image":[{"url":"https:\/\/www.soledadeinternationalgemshow.com\/wp-content\/uploads\/2018\/03\/1461779800.jpg","type":"","width":"","height":""}],"twitter_card":"summary_large_image","twitter_site":"@ExposolOficial","twitter_misc":{"Est. tempo de leitura":"1 minuto"},"schema":{"@context":"https:\/\/schema.org","@graph":[{"@type":"WebPage","@id":"https:\/\/www.soledadeinternationalgemshow.com\/products\/tecnology\/","url":"https:\/\/www.soledadeinternationalgemshow.com\/products\/tecnology\/","name":"Tecnology &#187; Soledade International Gem Show","isPartOf":{"@id":"https:\/\/www.soledadeinternationalgemshow.com\/pt_br\/#website"},"primaryImageOfPage":{"@id":"https:\/\/www.soledadeinternationalgemshow.com\/products\/tecnology\/#primaryimage"},"image":{"@id":"https:\/\/www.soledadeinternationalgemshow.com\/products\/tecnology\/#primaryimage"},"thumbnailUrl":"https:\/\/www.soledadeinternationalgemshow.com\/wp-content\/uploads\/2018\/03\/1461779800.jpg","datePublished":"2018-03-07T12:09:07+00:00","dateModified":"2018-03-26T23:03:36+00:00","description":"Creating great Business for You. The brilliance and magnificence of minerals, decorative artifacts and jewelry, which derive from the quality and rarity of many of them, can be seen at the largest jewelry and gemstone fair of Latin America.","breadcrumb":{"@id":"https:\/\/www.soledadeinternationalgemshow.com\/products\/tecnology\/#breadcrumb"},"inLanguage":"pt-BR","potentialAction":[{"@type":"ReadAction","target":["https:\/\/www.soledadeinternationalgemshow.com\/products\/tecnology\/"]}]},{"@type":"ImageObject","inLanguage":"pt-BR","@id":"https:\/\/www.soledadeinternationalgemshow.com\/products\/tecnology\/#primaryimage","url":"https:\/\/www.soledadeinternationalgemshow.com\/wp-content\/uploads\/2018\/03\/1461779800.jpg","contentUrl":"https:\/\/www.soledadeinternationalgemshow.com\/wp-content\/uploads\/2018\/03\/1461779800.jpg"},{"@type":"BreadcrumbList","@id":"https:\/\/www.soledadeinternationalgemshow.com\/products\/tecnology\/#breadcrumb","itemListElement":[{"@type":"ListItem","position":1,"name":"Home","item":"https:\/\/www.soledadeinternationalgemshow.com\/"},{"@type":"ListItem","position":2,"name":"Products","item":"https:\/\/www.soledadeinternationalgemshow.com\/products\/"},{"@type":"ListItem","position":3,"name":"Tecnology"}]},{"@type":"WebSite","@id":"https:\/\/www.soledadeinternationalgemshow.com\/pt_br\/#website","url":"https:\/\/www.soledadeinternationalgemshow.com\/pt_br\/","name":"Soledade International Gem Show","description":"Soledade\/RS\/Brazil","publisher":{"@id":"https:\/\/www.soledadeinternationalgemshow.com\/pt_br\/#organization"},"potentialAction":[{"@type":"SearchAction","target":{"@type":"EntryPoint","urlTemplate":"https:\/\/www.soledadeinternationalgemshow.com\/pt_br\/?s={search_term_string}"},"query-input":{"@type":"PropertyValueSpecification","valueRequired":true,"valueName":"search_term_string"}}],"inLanguage":"pt-BR"},{"@type":"Organization","@id":"https:\/\/www.soledadeinternationalgemshow.com\/pt_br\/#organization","name":"APROSOL","url":"https:\/\/www.soledadeinternationalgemshow.com\/pt_br\/","logo":{"@type":"ImageObject","inLanguage":"pt-BR","@id":"https:\/\/www.soledadeinternationalgemshow.com\/pt_br\/#\/schema\/logo\/image\/","url":"https:\/\/www.soledadeinternationalgemshow.com\/wp-content\/uploads\/2018\/03\/aprosol-logo.jpg","contentUrl":"https:\/\/www.soledadeinternationalgemshow.com\/wp-content\/uploads\/2018\/03\/aprosol-logo.jpg","width":600,"height":332,"caption":"APROSOL"},"image":{"@id":"https:\/\/www.soledadeinternationalgemshow.com\/pt_br\/#\/schema\/logo\/image\/"},"sameAs":["https:\/\/www.facebook.com\/EXPOSOLOFICIAL\/","https:\/\/x.com\/ExposolOficial","https:\/\/www.instagram.com\/exposoloficial\/","https:\/\/www.youtube.com\/channel\/UCX_diYaAEiPprsKNUxifVbw"]}]}},"_links":{"self":[{"href":"https:\/\/www.soledadeinternationalgemshow.com\/pt_br\/wp-json\/wp\/v2\/pages\/6441","targetHints":{"allow":["GET"]}}],"collection":[{"href":"https:\/\/www.soledadeinternationalgemshow.com\/pt_br\/wp-json\/wp\/v2\/pages"}],"about":[{"href":"https:\/\/www.soledadeinternationalgemshow.com\/pt_br\/wp-json\/wp\/v2\/types\/page"}],"author":[{"embeddable":true,"href":"https:\/\/www.soledadeinternationalgemshow.com\/pt_br\/wp-json\/wp\/v2\/users\/1"}],"replies":[{"embeddable":true,"href":"https:\/\/www.soledadeinternationalgemshow.com\/pt_br\/wp-json\/wp\/v2\/comments?post=6441"}],"version-history":[{"count":12,"href":"https:\/\/www.soledadeinternationalgemshow.com\/pt_br\/wp-json\/wp\/v2\/pages\/6441\/revisions"}],"predecessor-version":[{"id":6516,"href":"https:\/\/www.soledadeinternationalgemshow.com\/pt_br\/wp-json\/wp\/v2\/pages\/6441\/revisions\/6516"}],"up":[{"embeddable":true,"href":"https:\/\/www.soledadeinternationalgemshow.com\/pt_br\/wp-json\/wp\/v2\/pages\/6279"}],"wp:attachment":[{"href":"https:\/\/www.soledadeinternationalgemshow.com\/pt_br\/wp-json\/wp\/v2\/media?parent=6441"}],"curies":[{"name":"wp","href":"https:\/\/api.w.org\/{rel}","templated":true}]}}